{"id":434,"date":"2024-06-04T08:07:44","date_gmt":"2024-06-04T08:07:44","guid":{"rendered":"https:\/\/cswebshop.40-69-202-162.plesk.page\/home-copy\/"},"modified":"2024-06-17T08:38:31","modified_gmt":"2024-06-17T06:38:31","slug":"route","status":"publish","type":"page","link":"https:\/\/cswebshop.40-69-202-162.plesk.page\/en\/race-info\/route\/","title":{"rendered":"Route"},"content":{"rendered":"<p>[et_pb_section fb_built=&#8221;1&#8243; fullwidth=&#8221;on&#8221; _builder_version=&#8221;4.25.1&#8243; _module_preset=&#8221;default&#8221; global_colors_info=&#8221;{}&#8221;][et_pb_fullwidth_header title=&#8221;Race info&#8221; _builder_version=&#8221;4.25.1&#8243; _module_preset=&#8221;default&#8221; title_level=&#8221;h2&#8243; title_font=&#8221;|&#8211;et_global_heading_font_weight|||||||&#8221; title_text_align=&#8221;center&#8221; title_font_size=&#8221;60px&#8221; background_enable_color=&#8221;off&#8221; background_image=&#8221;https:\/\/cswebshop.40-69-202-162.plesk.page\/wp-content\/uploads\/2024\/06\/Race-info-topbanner.webp&#8221; background_position=&#8221;top_center&#8221; background_vertical_offset=&#8221;45%&#8221; custom_padding=&#8221;75px||75px||true|false&#8221; global_colors_info=&#8221;{}&#8221;][\/et_pb_fullwidth_header][\/et_pb_section][et_pb_section fb_built=&#8221;1&#8243; disabled_on=&#8221;on|on|off&#8221; _builder_version=&#8221;4.25.1&#8243; _module_preset=&#8221;default&#8221; background_color=&#8221;#000C2E&#8221; custom_margin=&#8221;0px||0px||true|false&#8221; custom_padding=&#8221;0px||0px||true|false&#8221; global_colors_info=&#8221;{}&#8221;][et_pb_row custom_padding_last_edited=&#8221;on|phone&#8221; _builder_version=&#8221;4.25.1&#8243; _module_preset=&#8221;default&#8221; custom_margin=&#8221;0px||0px||true|false&#8221; custom_padding=&#8221;0px||0px||true|false&#8221; custom_padding_tablet=&#8221;10px||10px||true|false&#8221; custom_padding_phone=&#8221;10px||10px||true|false&#8221; custom_css_main_element=&#8221;display: flex;&#8221; global_colors_info=&#8221;{}&#8221;][et_pb_column type=&#8221;4_4&#8243; _builder_version=&#8221;4.25.1&#8243; _module_preset=&#8221;default&#8221; global_colors_info=&#8221;{}&#8221; custom_css_main_element_last_edited=&#8221;on|phone&#8221; custom_css_main_element_tablet=&#8221;margin-bottom: 0px;&#8221; custom_css_main_element_phone=&#8221;margin-bottom: 0px;&#8221;][et_pb_menu menu_id=&#8221;28&#8243; menu_style=&#8221;centered&#8221; active_link_color=&#8221;#000C2E&#8221; dropdown_menu_bg_color=&#8221;#FFFFFF&#8221; dropdown_menu_line_color=&#8221;#00AB4C&#8221; dropdown_menu_text_color=&#8221;#000C2E&#8221; dropdown_menu_active_link_color=&#8221;#000C2E&#8221; mobile_menu_bg_color=&#8221;#FFFFFF&#8221; mobile_menu_text_color=&#8221;#000C2E&#8221; menu_icon_color=&#8221;#FFFFFF&#8221; module_class=&#8221;raceinfo-submenu&#8221; _builder_version=&#8221;4.25.1&#8243; _module_preset=&#8221;default&#8221; menu_font=&#8221;|700|||||||&#8221; menu_text_color=&#8221;#FFFFFF&#8221; menu_font_size=&#8221;16px&#8221; menu_letter_spacing=&#8221;0.2px&#8221; background_enable_color=&#8221;off&#8221; custom_margin=&#8221;0px||0px||true|false&#8221; custom_padding=&#8221;0px||0px||true|false&#8221; global_colors_info=&#8221;{}&#8221; menu_text_color__hover_enabled=&#8221;on|desktop&#8221; menu_text_color__hover=&#8221;#FFFFFF&#8221;][\/et_pb_menu][\/et_pb_column][\/et_pb_row][\/et_pb_section][et_pb_section fb_built=&#8221;1&#8243; custom_padding_last_edited=&#8221;on|phone&#8221; _builder_version=&#8221;4.25.1&#8243; _module_preset=&#8221;default&#8221; custom_padding=&#8221;25px||25px||true|false&#8221; custom_padding_tablet=&#8221;25px||25px||true|false&#8221; custom_padding_phone=&#8221;25px||25px||true|false&#8221; global_colors_info=&#8221;{}&#8221;][et_pb_row _builder_version=&#8221;4.25.1&#8243; _module_preset=&#8221;default&#8221; global_colors_info=&#8221;{}&#8221;][et_pb_column type=&#8221;4_4&#8243; _builder_version=&#8221;4.25.1&#8243; _module_preset=&#8221;default&#8221; global_colors_info=&#8221;{}&#8221;][et_pb_image src=&#8221;https:\/\/cswebshop.40-69-202-162.plesk.page\/wp-content\/uploads\/2024\/06\/Rute-grafik_v2.webp&#8221; title_text=&#8221;Rute-grafik_v2&#8243; align=&#8221;center&#8221; _builder_version=&#8221;4.25.1&#8243; _module_preset=&#8221;default&#8221; width=&#8221;85%&#8221; width_tablet=&#8221;100%&#8221; width_phone=&#8221;100%&#8221; width_last_edited=&#8221;on|desktop&#8221; min_height_tablet=&#8221;&#8221; min_height_phone=&#8221;&#8221; min_height_last_edited=&#8221;on|desktop&#8221; global_colors_info=&#8221;{}&#8221;][\/et_pb_image][\/et_pb_column][\/et_pb_row][et_pb_row _builder_version=&#8221;4.25.1&#8243; _module_preset=&#8221;default&#8221; global_colors_info=&#8221;{}&#8221;][et_pb_column type=&#8221;4_4&#8243; _builder_version=&#8221;4.25.1&#8243; _module_preset=&#8221;default&#8221; global_colors_info=&#8221;{}&#8221;][et_pb_text _builder_version=&#8221;4.25.1&#8243; _module_preset=&#8221;default&#8221; header_font=&#8221;|&#8211;et_global_heading_font_weight|||||||&#8221; header_line_height=&#8221;1.5em&#8221; header_2_font=&#8221;|&#8211;et_global_heading_font_weight|||||||&#8221; header_2_font_size=&#8221;30px&#8221; header_2_line_height=&#8221;1.5em&#8221; width=&#8221;60%&#8221; width_tablet=&#8221;100%&#8221; width_phone=&#8221;100%&#8221; width_last_edited=&#8221;on|desktop&#8221; module_alignment=&#8221;center&#8221; hover_enabled=&#8221;0&#8243; global_colors_info=&#8221;{}&#8221; sticky_enabled=&#8221;0&#8243;]<\/p>\n<h1>The route<\/h1>\n<p>[\/et_pb_text][et_pb_text _builder_version=&#8221;4.25.1&#8243; _module_preset=&#8221;default&#8221; text_font=&#8221;|&#8211;et_global_heading_font_weight|||||||&#8221; text_line_height=&#8221;1.5em&#8221; header_font=&#8221;|&#8211;et_global_heading_font_weight|||||||&#8221; header_2_font=&#8221;|&#8211;et_global_heading_font_weight|||||||&#8221; header_2_font_size=&#8221;16px&#8221; header_2_line_height=&#8221;1.5em&#8221; width=&#8221;60%&#8221; width_tablet=&#8221;100%&#8221; width_phone=&#8221;100%&#8221; width_last_edited=&#8221;on|desktop&#8221; module_alignment=&#8221;center&#8221; global_colors_info=&#8221;{}&#8221;]Copenhagen Sprint takes place on June 21 and 22, 2025, starting at the Viking Ship Museum in Roskilde and finishing at the National Gallery of Denmark in Copenhagen.[\/et_pb_text][et_pb_button button_url=&#8221;@ET-DC@eyJkeW5hbWljIjp0cnVlLCJjb250ZW50IjoicG9zdF9saW5rX3VybF9hdHRhY2htZW50Iiwic2V0dGluZ3MiOnsicG9zdF9pZCI6IjIyNTY2OSJ9fQ==@&#8221; url_new_window=&#8221;on&#8221; button_text=&#8221;See the route&#8221; button_alignment=&#8221;center&#8221; button_alignment_tablet=&#8221;left&#8221; button_alignment_phone=&#8221;left&#8221; button_alignment_last_edited=&#8221;on|desktop&#8221; _builder_version=&#8221;4.25.1&#8243; _dynamic_attributes=&#8221;button_url&#8221; _module_preset=&#8221;default&#8221; global_colors_info=&#8221;{}&#8221;][\/et_pb_button][et_pb_text _builder_version=&#8221;4.25.1&#8243; _module_preset=&#8221;default&#8221; header_font=&#8221;|&#8211;et_global_heading_font_weight|||||||&#8221; header_2_font=&#8221;|&#8211;et_global_heading_font_weight|||||||&#8221; header_2_font_size=&#8221;16px&#8221; header_2_line_height=&#8221;1.5em&#8221; width=&#8221;60%&#8221; width_tablet=&#8221;100%&#8221; width_phone=&#8221;100%&#8221; width_last_edited=&#8221;on|phone&#8221; module_alignment=&#8221;center&#8221; global_colors_info=&#8221;{}&#8221;]The route starts in Roskilde and runs north to Frederikssund, through Hiller\u00f8d by Frederiksborg Castle and past Fredensborg to Louisiana in Humleb\u00e6k and then down past Fures\u00f8en through Ballerup, entering Copenhagen from west.<\/p>\n<p>The route continues through Vanl\u00f8se, Valby, Frederiksberg and Vesterbro ending with a 10km circuit that starts at City Hall Square. Not all of H.C. Andersens Boulevard will be shut down, but there will be a Champs-\u00c9lys\u00e9es-style turn right by the City Hall.<\/p>\n<p>The circuit continues over Dronning Louises Bro, up to N\u00f8rrebro&#8217;s Roundabout out on Jagtvej, and then turns down Tagensvej and N\u00f8rre All\u00e9 to run over Fredens Bro and past SMK \u2013 The National Gallery of Denmark. It continues around Nyboder and past the Botanical Garden and continues back to H.C. Andersens Boulevard. The finish line will be located at \u00d8stre Anl\u00e6g and SMK \u2013 The National Gallery of Denmark.<\/p>\n<p><strong>June 21, 2025:<\/strong> The women&#8217;s route stretches over 160 km, including 130 km from Roskilde to Copenhagen, followed by three laps on a 10 km circuit in Copenhagen.<\/p>\n<p><strong>June 22, 2025:<\/strong> The men&#8217;s route covers 230 km, with 180 km from Roskilde to Copenhagen, followed by five laps on a 10 km circuit in Copenhagen.<\/p>\n<p>The final routes are expected to be presented in early 2025.[\/et_pb_text][\/et_pb_column][\/et_pb_row][\/et_pb_section][et_pb_section fb_built=&#8221;1&#8243; custom_padding_last_edited=&#8221;on|desktop&#8221; _builder_version=&#8221;4.25.1&#8243; _module_preset=&#8221;default&#8221; background_color=&#8221;#0072CE&#8221; custom_padding_tablet=&#8221;40px||40px||true|false&#8221; custom_padding_phone=&#8221;20px||20px||true|false&#8221; global_colors_info=&#8221;{}&#8221;][et_pb_row column_structure=&#8221;1_3,1_3,1_3&#8243; _builder_version=&#8221;4.25.1&#8243; _module_preset=&#8221;default&#8221; custom_css_main_element=&#8221;display: flex;&#8221; global_colors_info=&#8221;{}&#8221; custom_css_main_element_last_edited=&#8221;on|desktop&#8221; custom_css_main_element_phone=&#8221;display: flex;||flex-direction: column;&#8221; custom_css_main_element_tablet=&#8221;display: flex;&#8221;][et_pb_column type=&#8221;1_3&#8243; _builder_version=&#8221;4.25.1&#8243; _module_preset=&#8221;default&#8221; global_colors_info=&#8221;{}&#8221;][et_pb_text _builder_version=&#8221;4.25.1&#8243; _module_preset=&#8221;default&#8221; text_font=&#8221;|&#8211;et_global_heading_font_weight|||||||&#8221; header_font=&#8221;|&#8211;et_global_heading_font_weight|||||||&#8221; header_2_font=&#8221;|&#8211;et_global_heading_font_weight|||||||&#8221; header_2_text_color=&#8221;#FFFFFF&#8221; header_2_font_size=&#8221;60px&#8221; header_4_font=&#8221;|&#8211;et_global_heading_font_weight|||||||&#8221; header_4_text_color=&#8221;#000C2E&#8221; header_4_font_size=&#8221;30px&#8221; text_orientation=&#8221;center&#8221; global_colors_info=&#8221;{}&#8221;]<\/p>\n<h2>160<\/h2>\n<h4>Km\/women<\/h4>\n<p>[\/et_pb_text][\/et_pb_column][et_pb_column type=&#8221;1_3&#8243; _builder_version=&#8221;4.25.1&#8243; _module_preset=&#8221;default&#8221; global_colors_info=&#8221;{}&#8221;][et_pb_text _builder_version=&#8221;4.25.1&#8243; _module_preset=&#8221;default&#8221; text_font=&#8221;|&#8211;et_global_heading_font_weight|||||||&#8221; header_font=&#8221;|&#8211;et_global_heading_font_weight|||||||&#8221; header_2_font=&#8221;|&#8211;et_global_heading_font_weight|||||||&#8221; header_2_text_color=&#8221;#FFFFFF&#8221; header_2_font_size=&#8221;60px&#8221; header_4_font=&#8221;|&#8211;et_global_heading_font_weight|||||||&#8221; header_4_text_color=&#8221;#000C2E&#8221; header_4_font_size=&#8221;30px&#8221; text_orientation=&#8221;center&#8221; global_colors_info=&#8221;{}&#8221;]<\/p>\n<h2>2<\/h2>\n<h4>Days of festival<\/h4>\n<p>[\/et_pb_text][\/et_pb_column][et_pb_column type=&#8221;1_3&#8243; _builder_version=&#8221;4.25.1&#8243; _module_preset=&#8221;default&#8221; global_colors_info=&#8221;{}&#8221;][et_pb_text _builder_version=&#8221;4.25.1&#8243; _module_preset=&#8221;default&#8221; text_font=&#8221;|&#8211;et_global_heading_font_weight|||||||&#8221; header_font=&#8221;|&#8211;et_global_heading_font_weight|||||||&#8221; header_2_font=&#8221;|&#8211;et_global_heading_font_weight|||||||&#8221; header_2_text_color=&#8221;#FFFFFF&#8221; header_2_font_size=&#8221;60px&#8221; header_4_font=&#8221;|&#8211;et_global_heading_font_weight|||||||&#8221; header_4_text_color=&#8221;#000C2E&#8221; header_4_font_size=&#8221;30px&#8221; text_orientation=&#8221;center&#8221; global_colors_info=&#8221;{}&#8221;]<\/p>\n<h2>744.500<\/h2>\n<h4>Bicycles in CPH<\/h4>\n<p>[\/et_pb_text][\/et_pb_column][\/et_pb_row][\/et_pb_section][et_pb_section fb_built=&#8221;1&#8243; _builder_version=&#8221;4.25.1&#8243; _module_preset=&#8221;default&#8221; background_color=&#8221;#eff4f6&#8243; global_colors_info=&#8221;{}&#8221;][et_pb_row column_structure=&#8221;1_2,1_2&#8243; use_custom_gutter=&#8221;on&#8221; gutter_width=&#8221;4&#8243; make_equal=&#8221;on&#8221; _builder_version=&#8221;4.25.1&#8243; _module_preset=&#8221;default&#8221; max_width=&#8221;1100px&#8221; global_colors_info=&#8221;{}&#8221;][et_pb_column type=&#8221;1_2&#8243; _builder_version=&#8221;4.25.1&#8243; _module_preset=&#8221;default&#8221; background_color=&#8221;RGBA(255,255,255,0)&#8221; background_enable_image=&#8221;off&#8221; custom_padding_tablet=&#8221;&#8221; custom_padding_phone=&#8221;&#8221; custom_padding_last_edited=&#8221;on|desktop&#8221; global_colors_info=&#8221;{}&#8221; custom_css_main_element_last_edited=&#8221;on|desktop&#8221;][et_pb_image src=&#8221;https:\/\/cswebshop.40-69-202-162.plesk.page\/wp-content\/uploads\/2024\/06\/Bliv-partner.webp&#8221; alt=&#8221;Bliv partner&#8221; title_text=&#8221;Bliv-partner&#8221; module_class=&#8221;cph-full-height-image-column&#8221; _builder_version=&#8221;4.25.1&#8243; _module_preset=&#8221;default&#8221; min_height=&#8221;375px&#8221; min_height_tablet=&#8221;350px&#8221; min_height_phone=&#8221;350px&#8221; min_height_last_edited=&#8221;on|desktop&#8221; global_colors_info=&#8221;{}&#8221;][\/et_pb_image][\/et_pb_column][et_pb_column type=&#8221;1_2&#8243; _builder_version=&#8221;4.25.1&#8243; _module_preset=&#8221;default&#8221; custom_css_main_element=&#8221;display: flex;||flex-direction: column;||justify-content: center;&#8221; global_colors_info=&#8221;{}&#8221;][et_pb_cta title=&#8221;Become a partner&#8221; button_url=&#8221;@ET-DC@eyJkeW5hbWljIjp0cnVlLCJjb250ZW50IjoicG9zdF9saW5rX3VybF9wYWdlIiwic2V0dGluZ3MiOnsicG9zdF9pZCI6IjY0NCJ9fQ==@&#8221; button_text=&#8221;Read more&#8221; _builder_version=&#8221;4.25.1&#8243; _dynamic_attributes=&#8221;button_url&#8221; _module_preset=&#8221;default&#8221; header_font=&#8221;|&#8211;et_global_heading_font_weight|||||||&#8221; header_text_color=&#8221;#000C2E&#8221; header_font_size=&#8221;30px&#8221; use_background_color=&#8221;off&#8221; text_orientation=&#8221;left&#8221; background_layout=&#8221;light&#8221; custom_margin_tablet=&#8221;||||false|false&#8221; custom_margin_phone=&#8221;||||false|false&#8221; custom_margin_last_edited=&#8221;on|phone&#8221; global_colors_info=&#8221;{}&#8221;]Contact us if you want to learn more about the opportunities for commercial partnerships at Copenhagen Sprint.[\/et_pb_cta][\/et_pb_column][\/et_pb_row][\/et_pb_section]<\/p>\n","protected":false},"excerpt":{"rendered":"<p>The routeCopenhagen Sprint takes place on June 21 and 22, 2025, starting at the Viking Ship Museum in Roskilde and finishing at the National Gallery of Denmark in Copenhagen.The route [&hellip;]<\/p>\n","protected":false},"author":1,"featured_media":0,"parent":225363,"menu_order":0,"comment_status":"closed","ping_status":"closed","template":"","meta":{"_et_pb_use_builder":"on","_et_pb_old_content":"","_et_gb_content_width":"","inline_featured_image":false,"footnotes":""},"class_list":["post-434","page","type-page","status-publish","hentry"],"yoast_head":"<!-- This site is optimized with the Yoast SEO plugin v23.7 - https:\/\/yoast.com\/wordpress\/plugins\/seo\/ -->\n<title>Route - Copenhagen Sprint<\/title>\n<meta name=\"description\" content=\"Copenhagen Sprint takes place on June 21 and 22, 2025, starting at the Viking Ship Museum in Roskilde and finishing at the National Gallery of Denmark in Copenhagen.\" \/>\n<meta name=\"robots\" content=\"index, follow, max-snippet:-1, max-image-preview:large, max-video-preview:-1\" \/>\n<link rel=\"canonical\" href=\"https:\/\/cswebshop.40-69-202-162.plesk.page\/en\/race-info\/route\/\" \/>\n<meta property=\"og:locale\" content=\"en_US\" \/>\n<meta property=\"og:type\" content=\"article\" \/>\n<meta property=\"og:title\" content=\"Route - Copenhagen Sprint\" \/>\n<meta property=\"og:description\" content=\"Copenhagen Sprint takes place on June 21 and 22, 2025, starting at the Viking Ship Museum in Roskilde and finishing at the National Gallery of Denmark in Copenhagen.\" \/>\n<meta property=\"og:url\" content=\"https:\/\/cswebshop.40-69-202-162.plesk.page\/en\/race-info\/route\/\" \/>\n<meta property=\"og:site_name\" content=\"Copenhagen Sprint\" \/>\n<meta property=\"article:publisher\" content=\"https:\/\/www.facebook.com\/copenhagensprint\" \/>\n<meta property=\"article:modified_time\" content=\"2024-06-17T06:38:31+00:00\" \/>\n<meta property=\"og:image\" content=\"https:\/\/cswebshop.40-69-202-162.plesk.page\/wp-content\/uploads\/2024\/06\/OpenGraph-Copenhagen-sprint.webp\" \/>\n\t<meta property=\"og:image:width\" content=\"1200\" \/>\n\t<meta property=\"og:image:height\" content=\"630\" \/>\n\t<meta property=\"og:image:type\" content=\"image\/webp\" \/>\n<meta name=\"twitter:card\" content=\"summary_large_image\" \/>\n<meta name=\"twitter:site\" content=\"@cphsprint\" \/>\n<meta name=\"twitter:label1\" content=\"Est. reading time\" \/>\n\t<meta name=\"twitter:data1\" content=\"2 minutes\" \/>\n<script type=\"application\/ld+json\" class=\"yoast-schema-graph\">{\"@context\":\"https:\/\/schema.org\",\"@graph\":[{\"@type\":\"WebPage\",\"@id\":\"https:\/\/cswebshop.40-69-202-162.plesk.page\/en\/race-info\/route\/\",\"url\":\"https:\/\/cswebshop.40-69-202-162.plesk.page\/en\/race-info\/route\/\",\"name\":\"Route - Copenhagen Sprint\",\"isPartOf\":{\"@id\":\"https:\/\/cswebshop.40-69-202-162.plesk.page\/en\/#website\"},\"datePublished\":\"2024-06-04T08:07:44+00:00\",\"dateModified\":\"2024-06-17T06:38:31+00:00\",\"description\":\"Copenhagen Sprint takes place on June 21 and 22, 2025, starting at the Viking Ship Museum in Roskilde and finishing at the National Gallery of Denmark in Copenhagen.\",\"breadcrumb\":{\"@id\":\"https:\/\/cswebshop.40-69-202-162.plesk.page\/en\/race-info\/route\/#breadcrumb\"},\"inLanguage\":\"en-US\",\"potentialAction\":[{\"@type\":\"ReadAction\",\"target\":[\"https:\/\/cswebshop.40-69-202-162.plesk.page\/en\/race-info\/route\/\"]}]},{\"@type\":\"BreadcrumbList\",\"@id\":\"https:\/\/cswebshop.40-69-202-162.plesk.page\/en\/race-info\/route\/#breadcrumb\",\"itemListElement\":[{\"@type\":\"ListItem\",\"position\":1,\"name\":\"Home\",\"item\":\"https:\/\/cswebshop.40-69-202-162.plesk.page\/en\/\"},{\"@type\":\"ListItem\",\"position\":2,\"name\":\"Race info\",\"item\":\"https:\/\/cswebshop.40-69-202-162.plesk.page\/en\/race-info\/\"},{\"@type\":\"ListItem\",\"position\":3,\"name\":\"Route\"}]},{\"@type\":\"WebSite\",\"@id\":\"https:\/\/cswebshop.40-69-202-162.plesk.page\/en\/#website\",\"url\":\"https:\/\/cswebshop.40-69-202-162.plesk.page\/en\/\",\"name\":\"Copenhagen Sprint\",\"description\":\"World Tour-cykell\u00f8b\",\"publisher\":{\"@id\":\"https:\/\/cswebshop.40-69-202-162.plesk.page\/en\/#organization\"},\"potentialAction\":[{\"@type\":\"SearchAction\",\"target\":{\"@type\":\"EntryPoint\",\"urlTemplate\":\"https:\/\/cswebshop.40-69-202-162.plesk.page\/en\/?s={search_term_string}\"},\"query-input\":{\"@type\":\"PropertyValueSpecification\",\"valueRequired\":true,\"valueName\":\"search_term_string\"}}],\"inLanguage\":\"en-US\"},{\"@type\":\"Organization\",\"@id\":\"https:\/\/cswebshop.40-69-202-162.plesk.page\/en\/#organization\",\"name\":\"Copenhagen Sprint\",\"url\":\"https:\/\/cswebshop.40-69-202-162.plesk.page\/en\/\",\"logo\":{\"@type\":\"ImageObject\",\"inLanguage\":\"en-US\",\"@id\":\"https:\/\/cswebshop.40-69-202-162.plesk.page\/en\/#\/schema\/logo\/image\/\",\"url\":\"https:\/\/cswebshop.40-69-202-162.plesk.page\/wp-content\/uploads\/2024\/06\/chp_loog.svg\",\"contentUrl\":\"https:\/\/cswebshop.40-69-202-162.plesk.page\/wp-content\/uploads\/2024\/06\/chp_loog.svg\",\"width\":1,\"height\":1,\"caption\":\"Copenhagen Sprint\"},\"image\":{\"@id\":\"https:\/\/cswebshop.40-69-202-162.plesk.page\/en\/#\/schema\/logo\/image\/\"},\"sameAs\":[\"https:\/\/www.facebook.com\/copenhagensprint\",\"https:\/\/x.com\/cphsprint\",\"https:\/\/www.instagram.com\/cphsprint\/\"]}]}<\/script>\n<!-- \/ Yoast SEO plugin. -->","yoast_head_json":{"title":"Route - Copenhagen Sprint","description":"Copenhagen Sprint takes place on June 21 and 22, 2025, starting at the Viking Ship Museum in Roskilde and finishing at the National Gallery of Denmark in Copenhagen.","robots":{"index":"index","follow":"follow","max-snippet":"max-snippet:-1","max-image-preview":"max-image-preview:large","max-video-preview":"max-video-preview:-1"},"canonical":"https:\/\/cswebshop.40-69-202-162.plesk.page\/en\/race-info\/route\/","og_locale":"en_US","og_type":"article","og_title":"Route - Copenhagen Sprint","og_description":"Copenhagen Sprint takes place on June 21 and 22, 2025, starting at the Viking Ship Museum in Roskilde and finishing at the National Gallery of Denmark in Copenhagen.","og_url":"https:\/\/cswebshop.40-69-202-162.plesk.page\/en\/race-info\/route\/","og_site_name":"Copenhagen Sprint","article_publisher":"https:\/\/www.facebook.com\/copenhagensprint","article_modified_time":"2024-06-17T06:38:31+00:00","og_image":[{"width":1200,"height":630,"url":"https:\/\/cswebshop.40-69-202-162.plesk.page\/wp-content\/uploads\/2024\/06\/OpenGraph-Copenhagen-sprint.webp","type":"image\/webp"}],"twitter_card":"summary_large_image","twitter_site":"@cphsprint","twitter_misc":{"Est. reading time":"2 minutes"},"schema":{"@context":"https:\/\/schema.org","@graph":[{"@type":"WebPage","@id":"https:\/\/cswebshop.40-69-202-162.plesk.page\/en\/race-info\/route\/","url":"https:\/\/cswebshop.40-69-202-162.plesk.page\/en\/race-info\/route\/","name":"Route - Copenhagen Sprint","isPartOf":{"@id":"https:\/\/cswebshop.40-69-202-162.plesk.page\/en\/#website"},"datePublished":"2024-06-04T08:07:44+00:00","dateModified":"2024-06-17T06:38:31+00:00","description":"Copenhagen Sprint takes place on June 21 and 22, 2025, starting at the Viking Ship Museum in Roskilde and finishing at the National Gallery of Denmark in Copenhagen.","breadcrumb":{"@id":"https:\/\/cswebshop.40-69-202-162.plesk.page\/en\/race-info\/route\/#breadcrumb"},"inLanguage":"en-US","potentialAction":[{"@type":"ReadAction","target":["https:\/\/cswebshop.40-69-202-162.plesk.page\/en\/race-info\/route\/"]}]},{"@type":"BreadcrumbList","@id":"https:\/\/cswebshop.40-69-202-162.plesk.page\/en\/race-info\/route\/#breadcrumb","itemListElement":[{"@type":"ListItem","position":1,"name":"Home","item":"https:\/\/cswebshop.40-69-202-162.plesk.page\/en\/"},{"@type":"ListItem","position":2,"name":"Race info","item":"https:\/\/cswebshop.40-69-202-162.plesk.page\/en\/race-info\/"},{"@type":"ListItem","position":3,"name":"Route"}]},{"@type":"WebSite","@id":"https:\/\/cswebshop.40-69-202-162.plesk.page\/en\/#website","url":"https:\/\/cswebshop.40-69-202-162.plesk.page\/en\/","name":"Copenhagen Sprint","description":"World Tour-cykell\u00f8b","publisher":{"@id":"https:\/\/cswebshop.40-69-202-162.plesk.page\/en\/#organization"},"potentialAction":[{"@type":"SearchAction","target":{"@type":"EntryPoint","urlTemplate":"https:\/\/cswebshop.40-69-202-162.plesk.page\/en\/?s={search_term_string}"},"query-input":{"@type":"PropertyValueSpecification","valueRequired":true,"valueName":"search_term_string"}}],"inLanguage":"en-US"},{"@type":"Organization","@id":"https:\/\/cswebshop.40-69-202-162.plesk.page\/en\/#organization","name":"Copenhagen Sprint","url":"https:\/\/cswebshop.40-69-202-162.plesk.page\/en\/","logo":{"@type":"ImageObject","inLanguage":"en-US","@id":"https:\/\/cswebshop.40-69-202-162.plesk.page\/en\/#\/schema\/logo\/image\/","url":"https:\/\/cswebshop.40-69-202-162.plesk.page\/wp-content\/uploads\/2024\/06\/chp_loog.svg","contentUrl":"https:\/\/cswebshop.40-69-202-162.plesk.page\/wp-content\/uploads\/2024\/06\/chp_loog.svg","width":1,"height":1,"caption":"Copenhagen Sprint"},"image":{"@id":"https:\/\/cswebshop.40-69-202-162.plesk.page\/en\/#\/schema\/logo\/image\/"},"sameAs":["https:\/\/www.facebook.com\/copenhagensprint","https:\/\/x.com\/cphsprint","https:\/\/www.instagram.com\/cphsprint\/"]}]}},"_links":{"self":[{"href":"https:\/\/cswebshop.40-69-202-162.plesk.page\/en\/wp-json\/wp\/v2\/pages\/434","targetHints":{"allow":["GET"]}}],"collection":[{"href":"https:\/\/cswebshop.40-69-202-162.plesk.page\/en\/wp-json\/wp\/v2\/pages"}],"about":[{"href":"https:\/\/cswebshop.40-69-202-162.plesk.page\/en\/wp-json\/wp\/v2\/types\/page"}],"author":[{"embeddable":true,"href":"https:\/\/cswebshop.40-69-202-162.plesk.page\/en\/wp-json\/wp\/v2\/users\/1"}],"replies":[{"embeddable":true,"href":"https:\/\/cswebshop.40-69-202-162.plesk.page\/en\/wp-json\/wp\/v2\/comments?post=434"}],"version-history":[{"count":45,"href":"https:\/\/cswebshop.40-69-202-162.plesk.page\/en\/wp-json\/wp\/v2\/pages\/434\/revisions"}],"predecessor-version":[{"id":225793,"href":"https:\/\/cswebshop.40-69-202-162.plesk.page\/en\/wp-json\/wp\/v2\/pages\/434\/revisions\/225793"}],"up":[{"embeddable":true,"href":"https:\/\/cswebshop.40-69-202-162.plesk.page\/en\/wp-json\/wp\/v2\/pages\/225363"}],"wp:attachment":[{"href":"https:\/\/cswebshop.40-69-202-162.plesk.page\/en\/wp-json\/wp\/v2\/media?parent=434"}],"curies":[{"name":"wp","href":"https:\/\/api.w.org\/{rel}","templated":true}]}}